{"id":299,"date":"2016-12-27T15:21:33","date_gmt":"2016-12-27T14:21:33","guid":{"rendered":"https:\/\/www.camping-la-grenouille.com\/decouverte\/"},"modified":"2021-12-02T11:35:55","modified_gmt":"2021-12-02T10:35:55","slug":"discovery","status":"publish","type":"page","link":"https:\/\/www.camping-la-grenouille.com\/en\/discovery\/","title":{"rendered":"Discovery"},"content":{"rendered":"<p><div class=\"fusion-fullwidth fullwidth-box fusion-builder-row-1 nonhundred-percent-fullwidth non-hundred-percent-height-scrolling\"  style='background-color: rgba(255,255,255,0);background-position: center center;background-repeat: no-repeat;padding-top:20px;padding-right:0px;padding-bottom:20px;padding-left:0px;'><div class=\"fusion-builder-row fusion-row \"><div  class=\"fusion-layout-column fusion_builder_column fusion_builder_column_1_1 fusion-builder-column-0 fusion-one-full fusion-column-first fusion-column-last 1_1\"  style='margin-top:0px;margin-bottom:20px;'><div class=\"fusion-column-wrapper\" style=\"padding: 0px 0px 0px 0px;background-position:left top;background-repeat:no-repeat;-webkit-background-size:cover;-moz-background-size:cover;-o-background-size:cover;background-size:cover;\"   data-bg-url=\"\"><style type=\"text\/css\"><\/style><div class=\"fusion-title title fusion-title-1 fusion-sep-none fusion-title-text fusion-title-size-one\" style=\"margin-top:0px;margin-bottom:30px;\"><h1 class=\"title-heading-left\" style=\"margin:0;\">Tourism and discovery<\/h1><\/div><div class=\"fusion-clearfix\"><\/div><\/div><\/div><div  class=\"fusion-layout-column fusion_builder_column fusion_builder_column_2_5 fusion-builder-column-1 fusion-two-fifth fusion-column-first 2_5\"  style='margin-top:0px;margin-bottom:20px;width:40%;width:calc(40% - ( ( 4% ) * 0.4 ) );margin-right: 4%;'><div class=\"fusion-column-wrapper\" style=\"padding: 0px 0px 0px 0px;background-position:left top;background-repeat:no-repeat;-webkit-background-size:cover;-moz-background-size:cover;-o-background-size:cover;background-size:cover;\"   data-bg-url=\"\"><div class=\"fusion-text\"><p>Strategically situated for a discovery and relaxing holiday in Gard Proven\u00e7al, from and near the campsite a variety of activities awaits you, through the Gorges de l&#8217;Ard\u00e8che, the C\u00e9vennes, Uzes, Avignon, Pont du Gard.<\/p>\n<p>On site and nearby hiking trails accessible and maintained, such as the Concluses (brook dry in summer, dug giant potholes).<\/p>\n<p>On site, <a href=\"https:\/\/en.provenceoccitane.com\/?origine=switchLangue\" target=\"_blank\" rel=\"noopener noreferrer\">the Tourism office of Goudargues.<\/a><\/p>\n<p>On site, C\u00e8ze cano\u00eb for a <a href=\"https:\/\/ceze-canoes.fr\/en\" target=\"_blank\" rel=\"noopener noreferrer\">down of La C\u00e8ze<\/a> with all the family (from 3 years old).<\/p>\n<p>On site, electric mountain bike rental <a href=\"https:\/\/www.en.occitan-ebike.com\/\" target=\"_blank\" rel=\"noopener\">Occitane Bike<\/a>.<\/p>\n<\/div><div class=\"fusion-clearfix\"><\/div><\/div><\/div><div  class=\"fusion-layout-column fusion_builder_column fusion_builder_column_3_5 fusion-builder-column-2 fusion-three-fifth fusion-column-last 3_5\"  style='margin-top:0px;margin-bottom:20px;width:60%;width:calc(60% - ( ( 4% ) * 0.6 ) );'><div class=\"fusion-column-wrapper\" style=\"padding: 0px 0px 0px 0px;background-position:left top;background-repeat:no-repeat;-webkit-background-size:cover;-moz-background-size:cover;-o-background-size:cover;background-size:cover;\"   data-bg-url=\"\"><div class=\"fusion-video fusion-youtube\" style=\"max-width:600px;max-height:360px;\"><div class=\"video-shortcode\"><iframe title=\"YouTube video player\" src=\"https:\/\/www.youtube.com\/embed\/7foc3g23ROA?wmode=transparent&autoplay=0&amp;rel=0\" width=\"600\" height=\"360\" allowfullscreen allow=\"autoplay; fullscreen\"><\/iframe><\/div><\/div><div class=\"fusion-clearfix\"><\/div><\/div><\/div><\/div><\/div><div class=\"fusion-fullwidth fullwidth-box fusion-builder-row-2 nonhundred-percent-fullwidth non-hundred-percent-height-scrolling\"  style='background-color: rgba(255,255,255,0);background-position: center center;background-repeat: no-repeat;padding-top:20px;padding-right:0px;padding-bottom:20px;padding-left:0px;'><div class=\"fusion-builder-row fusion-row \"><div  class=\"fusion-layout-column fusion_builder_column fusion_builder_column_1_1 fusion-builder-column-3 fusion-one-full fusion-column-first fusion-column-last 1_1\"  style='margin-top:0px;margin-bottom:20px;'><div class=\"fusion-column-wrapper\" style=\"padding: 0px 0px 0px 0px;background-position:left top;background-repeat:no-repeat;-webkit-background-size:cover;-moz-background-size:cover;-o-background-size:cover;background-size:cover;\"   data-bg-url=\"\"><style type=\"text\/css\"><\/style><div class=\"fusion-title title fusion-title-2 fusion-sep-none fusion-title-text fusion-title-size-one\" style=\"margin-top:0px;margin-bottom:30px;\"><h1 class=\"title-heading-left\" style=\"margin:0;\">Close to the campsite<\/h1><\/div><div class=\"fusion-clearfix\"><\/div><\/div><\/div><div  class=\"fusion-layout-column fusion_builder_column fusion_builder_column_1_3 fusion-builder-column-4 fusion-one-third fusion-column-first 1_3\"  style='margin-top:0px;margin-bottom:20px;width:33.33%;width:calc(33.33% - ( ( 4% ) * 0.3333 ) );margin-right: 4%;'><div class=\"fusion-column-wrapper\" style=\"padding: 0px 0px 0px 0px;background-position:left top;background-repeat:no-repeat;-webkit-background-size:cover;-moz-background-size:cover;-o-background-size:cover;background-size:cover;\"   data-bg-url=\"\"><ul class=\"fusion-checklist fusion-checklist-1\" style=\"font-size:13px;line-height:22.1px;\"><li class=\"fusion-li-item\"><span style=\"height:22.1px;width:22.1px;margin-right:9.1px;\" class=\"icon-wrapper circle-no\"><i class=\"fusion-li-icon fa-check fas\" style=\"color:#bec901;\"><\/i><\/span><div class=\"fusion-li-item-content\" style=\"margin-left:31.2px;\">\n<p>10 min away: Les Cascades du Sautadet.<\/p>\n<\/div><\/li><li class=\"fusion-li-item\"><span style=\"height:22.1px;width:22.1px;margin-right:9.1px;\" class=\"icon-wrapper circle-no\"><i class=\"fusion-li-icon fa-check fas\" style=\"color:#bec901;\"><\/i><\/span><div class=\"fusion-li-item-content\" style=\"margin-left:31.2px;\">\n<p>10 min away: The Chartreuse de Valbonne (historical monument)<\/p>\n<\/div><\/li><li class=\"fusion-li-item\"><span style=\"height:22.1px;width:22.1px;margin-right:9.1px;\" class=\"icon-wrapper circle-no\"><i class=\"fusion-li-icon fa-check fas\" style=\"color:#bec901;\"><\/i><\/span><div class=\"fusion-li-item-content\" style=\"margin-left:31.2px;\">\n<p>10 min away: La Roque sur C\u00e8ze and Montclus, classified &#8220;Plus beaux villages de France&#8221;<\/p>\n<\/div><\/li><li class=\"fusion-li-item\"><span style=\"height:22.1px;width:22.1px;margin-right:9.1px;\" class=\"icon-wrapper circle-no\"><i class=\"fusion-li-icon fa-check fas\" style=\"color:#bec901;\"><\/i><\/span><div class=\"fusion-li-item-content\" style=\"margin-left:31.2px;\">15 min away: The magnificent cave from <span class=\"texte\"><a href=\"http:\/\/www.orgnac.com\/en\" target=\"_blank\" rel=\"noopener noreferrer\">Aven d\u2019Orgnac<\/a>.<\/span><\/div><\/li><li class=\"fusion-li-item\"><span style=\"height:22.1px;width:22.1px;margin-right:9.1px;\" class=\"icon-wrapper circle-no\"><i class=\"fusion-li-icon fa-check fas\" style=\"color:#bec901;\"><\/i><\/span><div class=\"fusion-li-item-content\" style=\"margin-left:31.2px;\">\n<p>15 min away: Aigu\u00e8ze and Lussan, classified &#8220;Plus beaux villages de France&#8221;<\/p>\n<\/div><\/li><li class=\"fusion-li-item\"><span style=\"height:22.1px;width:22.1px;margin-right:9.1px;\" class=\"icon-wrapper circle-no\"><i class=\"fusion-li-icon fa-check fas\" style=\"color:#bec901;\"><\/i><\/span><div class=\"fusion-li-item-content\" style=\"margin-left:31.2px;\">\n<p>20 min away: The <span class=\"texte\"><a href=\"http:\/\/www.grottedelasalamandre.com\/en\" target=\"_blank\" rel=\"noopener noreferrer\">Grottes de la Salamandre<\/a>.<\/span><\/p>\n<\/div><\/li><li class=\"fusion-li-item\"><span style=\"height:22.1px;width:22.1px;margin-right:9.1px;\" class=\"icon-wrapper circle-no\"><i class=\"fusion-li-icon fa-check fas\" style=\"color:#bec901;\"><\/i><\/span><div class=\"fusion-li-item-content\" style=\"margin-left:31.2px;\">\n<p>20 min away: The Mont Bouquet (Alt. 629m) with paragliding flight area<\/p>\n<\/div><\/li><li class=\"fusion-li-item\"><span style=\"height:22.1px;width:22.1px;margin-right:9.1px;\" class=\"icon-wrapper circle-no\"><i class=\"fusion-li-icon fa-check fas\" style=\"color:#bec901;\"><\/i><\/span><div class=\"fusion-li-item-content\" style=\"margin-left:31.2px;\">\n<p>30 min away: The Pont d\u2019Arc and its wonderful <span class=\"texte\"><a href=\"https:\/\/www.pontdarc-ardeche.fr\/decouverte-ardeche\/incontournables-ardeche\/gorges-de-l-ardeche\/\" target=\"_blank\" rel=\"noopener noreferrer\">Gorges de l\u2019Ard\u00e8che<\/a>.<\/span><\/p>\n<\/div><\/li><li class=\"fusion-li-item\"><span style=\"height:22.1px;width:22.1px;margin-right:9.1px;\" class=\"icon-wrapper circle-no\"><i class=\"fusion-li-icon fa-check fas\" style=\"color:#bec901;\"><\/i><\/span><div class=\"fusion-li-item-content\" style=\"margin-left:31.2px;\">30 min away: <span class=\"texte\"><a href=\"https:\/\/en.grottechauvet2ardeche.com\/home-page\/\" target=\"_blank\" rel=\"noopener noreferrer\">The Grotte Chauvet 2<\/a>, replica of the Chauvet cave<\/span>.<\/div><\/li><li class=\"fusion-li-item\"><span style=\"height:22.1px;width:22.1px;margin-right:9.1px;\" class=\"icon-wrapper circle-no\"><i class=\"fusion-li-icon fa-check fas\" style=\"color:#bec901;\"><\/i><\/span><div class=\"fusion-li-item-content\" style=\"margin-left:31.2px;\">30 min away: Forest acrobatic parc with <span class=\"texte\"><a href=\"http:\/\/www.adventurecamp.fr\/en\/index.php\" target=\"_blank\" rel=\"noopener noreferrer\">Adventurecamp<\/a>.<\/span><\/div><\/li><li class=\"fusion-li-item\"><span style=\"height:22.1px;width:22.1px;margin-right:9.1px;\" class=\"icon-wrapper circle-no\"><i class=\"fusion-li-icon fa-check fas\" style=\"color:#bec901;\"><\/i><\/span><div class=\"fusion-li-item-content\" style=\"margin-left:31.2px;\">40 min away: The <span class=\"texte\"><a href=\"http:\/\/www.pontdugard.fr\/en\" target=\"_blank\" rel=\"noopener noreferrer\">Pont du Gard<\/a>.<\/span><\/div><\/li><li class=\"fusion-li-item\"><span style=\"height:22.1px;width:22.1px;margin-right:9.1px;\" class=\"icon-wrapper circle-no\"><i class=\"fusion-li-icon fa-check fas\" style=\"color:#bec901;\"><\/i><\/span><div class=\"fusion-li-item-content\" style=\"margin-left:31.2px;\">40 min away: <span class=\"texte\"><a href=\"http:\/\/www.lafermeauxcrocodiles.com\/\" target=\"_blank\" rel=\"noopener noreferrer\">The Crocodile Farm<\/a>.<\/span><\/div><\/li><li class=\"fusion-li-item\"><span style=\"height:22.1px;width:22.1px;margin-right:9.1px;\" class=\"icon-wrapper circle-no\"><i class=\"fusion-li-icon fa-check fas\" style=\"color:#bec901;\"><\/i><\/span><div class=\"fusion-li-item-content\" style=\"margin-left:31.2px;\">45 min away: Avignon, city of popes, its famous <span class=\"texte\"><a href=\"http:\/\/www.ot-avignon.fr\/home-1-2.html\" target=\"_blank\" rel=\"noopener noreferrer\">Bridge<\/a><\/span> and its <span class=\"texte\"><a href=\"http:\/\/www.festival-avignon.com\/\" target=\"_blank\" rel=\"noopener noreferrer\">Festival<\/a>.<\/span><\/div><\/li><li class=\"fusion-li-item\"><span style=\"height:22.1px;width:22.1px;margin-right:9.1px;\" class=\"icon-wrapper circle-no\"><i class=\"fusion-li-icon fa-check fas\" style=\"color:#bec901;\"><\/i><\/span><div class=\"fusion-li-item-content\" style=\"margin-left:31.2px;\">50 min away: <span class=\"texte\"><a href=\"http:\/\/www.bambouseraie.com\/\" target=\"_blank\" rel=\"noopener noreferrer\">The Bambouseraie<\/a>.<\/span><\/div><\/li><li class=\"fusion-li-item\"><span style=\"height:22.1px;width:22.1px;margin-right:9.1px;\" class=\"icon-wrapper circle-no\"><i class=\"fusion-li-icon fa-check fas\" style=\"color:#bec901;\"><\/i><\/span><div class=\"fusion-li-item-content\" style=\"margin-left:31.2px;\">50 min away: <span class=\"texte\"><a href=\"http:\/\/www.trainavapeur.com\/\" target=\"_blank\" rel=\"noopener noreferrer\">C\u00e9vennes Steam Train<\/a>.<\/span><\/div><\/li><li class=\"fusion-li-item\"><span style=\"height:22.1px;width:22.1px;margin-right:9.1px;\" class=\"icon-wrapper circle-no\"><i class=\"fusion-li-icon fa-check fas\" style=\"color:#bec901;\"><\/i><\/span><div class=\"fusion-li-item-content\" style=\"margin-left:31.2px;\">60 min away: N\u00eemes with its <span class=\"texte\"><a href=\"http:\/\/www.ot-nimes.fr\/index.php?L=1\" target=\"_blank\" rel=\"noopener noreferrer\">Arenas<\/a>.<\/span><\/div><\/li><\/ul><div class=\"fusion-clearfix\"><\/div><\/div><\/div><div  class=\"fusion-layout-column fusion_builder_column fusion_builder_column_2_3 fusion-builder-column-5 fusion-two-third fusion-column-last 2_3\"  style='margin-top:0px;margin-bottom:20px;width:66.66%;width:calc(66.66% - ( ( 4% ) * 0.6666 ) );'><div class=\"fusion-column-wrapper\" style=\"padding: 0px 0px 0px 0px;background-position:left top;background-repeat:no-repeat;-webkit-background-size:cover;-moz-background-size:cover;-o-background-size:cover;background-size:cover;\"   data-bg-url=\"\">\t\t\t<style>\n\t\t\t.album {\n\t\t\t\ttext-align:center;\n\t\t\t\t\t\t\t}\n\t\t\t.album a { background: #bec901; display: inline-block; margin: 0 15px 30px; padding: 5px; -webkit-box-shadow: 0 4px 6px rgba(0, 0, 0, .3); -moz-box-shadow: 0 4px 6px rgba(0,0,0,.3); box-shadow: 0 4px 6px rgba(0,0,0,.3); -webkit-transition: all .15s linear; -moz-transition: all .15s linear; transition: all .15s linear; z-index:0; position:relative; }\n\t\t\t.album img {  display: block; width: inherit; }\n\t\t\t.album a:nth-child(1n) { -webkit-transform: rotate(-4deg); -moz-transform: rotate(-4deg); transform: rotate(-4deg); }\n\t\t\t.album a:nth-child(2n) { -webkit-transform: rotate(4deg); -moz-transform: rotate(4deg); transform: rotate(4deg); }\n\t\t\t.album a:nth-child(3n) { -webkit-transform: rotate(-10deg); -moz-transform: rotate(-10deg); transform: rotate(-10deg); }\n\t\t\t.album a:nth-child(4n) { -webkit-transform: rotate(7deg); -moz-transform: rotate(7deg); transform: rotate(7deg); }\n\t\t\t.album a:nth-child(5n) { -webkit-transform: rotate(-3deg); -moz-transform: rotate(-3deg); transform: rotate(-3deg); }\n\t\t\t.album a:nth-child(6n) { -webkit-transform: rotate(2deg); -moz-transform: rotate(2deg); transform: rotate(2deg); }\n\t\t\t.album a:hover{ -webkit-transform: rotate(0deg); -moz-transform: rotate(0deg); transform: rotate(0deg); -webkit-transform: scale(1.2); -moz-transform: scale(1.2); transform: scale(1.2); z-index:10; -webkit-box-shadow: 0 10px 20px rgba(0, 0, 0, .7); -moz-box-shadow: 0 10px 20px rgba(0,0,0,.7); box-shadow: 0 10px 20px rgba(0,0,0,.7); }\n            <\/style>\n\t\t\t<div class=\"album\"><a data-rel=\"iLightbox[294]\" href=\"https:\/\/www.camping-la-grenouille.com\/wp-content\/uploads\/album294\/587c8aab6d277.jpg\" title=\"\" data-title=\"\"><img data-no-lazy=\"1\" src=\"https:\/\/www.camping-la-grenouille.com\/wp-content\/uploads\/album294\/587c8aab6d277-200x150.jpg\" alt=\"\" title=\"\" \/><\/a><a data-rel=\"iLightbox[294]\" href=\"https:\/\/www.camping-la-grenouille.com\/wp-content\/uploads\/album294\/587c8ab386426.jpg\" title=\"\" data-title=\"\"><img data-no-lazy=\"1\" src=\"https:\/\/www.camping-la-grenouille.com\/wp-content\/uploads\/album294\/587c8ab386426-200x150.jpg\" alt=\"\" title=\"\" \/><\/a><a data-rel=\"iLightbox[294]\" href=\"https:\/\/www.camping-la-grenouille.com\/wp-content\/uploads\/album294\/587c8bb9db983.jpg\" title=\"\" data-title=\"\"><img data-no-lazy=\"1\" src=\"https:\/\/www.camping-la-grenouille.com\/wp-content\/uploads\/album294\/587c8bb9db983-200x113.jpg\" alt=\"\" title=\"\" \/><\/a><a data-rel=\"iLightbox[294]\" href=\"https:\/\/www.camping-la-grenouille.com\/wp-content\/uploads\/album294\/58887c034d92f.jpg\" title=\"\" data-title=\"\"><img data-no-lazy=\"1\" src=\"https:\/\/www.camping-la-grenouille.com\/wp-content\/uploads\/album294\/58887c034d92f-200x150.jpg\" alt=\"\" title=\"\" \/><\/a><a data-rel=\"iLightbox[294]\" href=\"https:\/\/www.camping-la-grenouille.com\/wp-content\/uploads\/album294\/5888559c3fef8.jpg\" title=\"\" data-title=\"\"><img data-no-lazy=\"1\" src=\"https:\/\/www.camping-la-grenouille.com\/wp-content\/uploads\/album294\/5888559c3fef8-200x133.jpg\" alt=\"\" title=\"\" \/><\/a><a data-rel=\"iLightbox[294]\" href=\"https:\/\/www.camping-la-grenouille.com\/wp-content\/uploads\/album294\/587c8aa223247.jpg\" title=\"\" data-title=\"\"><img data-no-lazy=\"1\" src=\"https:\/\/www.camping-la-grenouille.com\/wp-content\/uploads\/album294\/587c8aa223247-200x133.jpg\" alt=\"\" title=\"\" \/><\/a><a data-rel=\"iLightbox[294]\" href=\"https:\/\/www.camping-la-grenouille.com\/wp-content\/uploads\/album294\/587c8dd68fdd1.jpg\" title=\"\" data-title=\"\"><img data-no-lazy=\"1\" src=\"https:\/\/www.camping-la-grenouille.com\/wp-content\/uploads\/album294\/587c8dd68fdd1-200x133.jpg\" alt=\"\" title=\"\" \/><\/a><a data-rel=\"iLightbox[294]\" href=\"https:\/\/www.camping-la-grenouille.com\/wp-content\/uploads\/album294\/588855973ea6d.jpg\" title=\"\" data-title=\"\"><img data-no-lazy=\"1\" src=\"https:\/\/www.camping-la-grenouille.com\/wp-content\/uploads\/album294\/588855973ea6d-200x133.jpg\" alt=\"\" title=\"\" \/><\/a><a data-rel=\"iLightbox[294]\" href=\"https:\/\/www.camping-la-grenouille.com\/wp-content\/uploads\/album294\/587c8a512f7ee.jpg\" title=\"\" data-title=\"\"><img data-no-lazy=\"1\" src=\"https:\/\/www.camping-la-grenouille.com\/wp-content\/uploads\/album294\/587c8a512f7ee-200x150.jpg\" alt=\"\" title=\"\" \/><\/a><\/div><div class=\"fusion-clearfix\"><\/div><\/div><\/div><\/div><\/div><\/p>\n","protected":false},"excerpt":{"rendered":"","protected":false},"author":1,"featured_media":0,"parent":0,"menu_order":0,"comment_status":"closed","ping_status":"closed","template":"","meta":[],"_links":{"self":[{"href":"https:\/\/www.camping-la-grenouille.com\/en\/wp-json\/wp\/v2\/pages\/299"}],"collection":[{"href":"https:\/\/www.camping-la-grenouille.com\/en\/wp-json\/wp\/v2\/pages"}],"about":[{"href":"https:\/\/www.camping-la-grenouille.com\/en\/wp-json\/wp\/v2\/types\/page"}],"author":[{"embeddable":true,"href":"https:\/\/www.camping-la-grenouille.com\/en\/wp-json\/wp\/v2\/users\/1"}],"replies":[{"embeddable":true,"href":"https:\/\/www.camping-la-grenouille.com\/en\/wp-json\/wp\/v2\/comments?post=299"}],"version-history":[{"count":6,"href":"https:\/\/www.camping-la-grenouille.com\/en\/wp-json\/wp\/v2\/pages\/299\/revisions"}],"predecessor-version":[{"id":346,"href":"https:\/\/www.camping-la-grenouille.com\/en\/wp-json\/wp\/v2\/pages\/299\/revisions\/346"}],"wp:attachment":[{"href":"https:\/\/www.camping-la-grenouille.com\/en\/wp-json\/wp\/v2\/media?parent=299"}],"curies":[{"name":"wp","href":"https:\/\/api.w.org\/{rel}","templated":true}]}}